{"id":6926,"date":"2026-04-09T10:00:30","date_gmt":"2026-04-09T08:00:30","guid":{"rendered":"https:\/\/www.the-shyguy.com\/?post_type=product&#038;p=6926"},"modified":"2026-04-09T11:44:55","modified_gmt":"2026-04-09T09:44:55","slug":"vow-dress-black","status":"publish","type":"product","link":"https:\/\/www.the-shyguy.com\/en\/prodavnica\/zene\/vow-dress-black\/","title":{"rendered":"VOW DRESS BLACK"},"content":{"rendered":"","protected":false},"excerpt":{"rendered":"<p>Haljina od chantung svile koja nosi suptilnu romantiku u svojoj jednostavnosti. Prednji deo prati liniju tela ravnim krojem, dopu\u0161taju\u0107i materijalu da govori sam za sebe. Nazad, otkriva se skulpturalna ma\u0161na postavljena iznad zlatnog rajsfer\u0161lusa koji diskretno hvata svetlost. Ma\u0161na se mo\u017ee ukloniti, \u010dime haljina dobija smireniju, svedeniju verziju.<\/p>\n<div class=\"woocommerce-product-details__short-description\">\n<p>Composition: 100% silk<\/p>\n<p>Dry clean or hand wash with cold water and similar colors.<\/p>\n<p>Be kind, donate when you no longer need it and take care of our planet.<\/p>\n<p class=\"translation-block\"><strong>*PRE ORDER FOR SIZES XS AND L<\/strong> \/\/ Will be shipped within 5 working days.\nAs this piece in sizes XS and L are crafted per order, we can only offer exchanges, refunds will not be accepted.<\/p>\n<\/div>","protected":false},"featured_media":6980,"template":"","meta":[],"product_brand":[],"product_cat":[15],"product_tag":[],"class_list":{"0":"post-6926","1":"product","2":"type-product","3":"status-publish","4":"has-post-thumbnail","6":"product_cat-zene","8":"first","9":"instock","10":"taxable","11":"shipping-taxable","12":"purchasable","13":"product-type-variable"},"etheme_brands":{"errors":{"invalid_taxonomy":["Invalid taxonomy."]},"error_data":[]},"_links":{"self":[{"href":"https:\/\/www.the-shyguy.com\/en\/wp-json\/wp\/v2\/product\/6926","targetHints":{"allow":["GET"]}}],"collection":[{"href":"https:\/\/www.the-shyguy.com\/en\/wp-json\/wp\/v2\/product"}],"about":[{"href":"https:\/\/www.the-shyguy.com\/en\/wp-json\/wp\/v2\/types\/product"}],"version-history":[{"count":1,"href":"https:\/\/www.the-shyguy.com\/en\/wp-json\/wp\/v2\/product\/6926\/revisions"}],"predecessor-version":[{"id":6931,"href":"https:\/\/www.the-shyguy.com\/en\/wp-json\/wp\/v2\/product\/6926\/revisions\/6931"}],"wp:featuredmedia":[{"embeddable":true,"href":"https:\/\/www.the-shyguy.com\/en\/wp-json\/wp\/v2\/media\/6980"}],"wp:attachment":[{"href":"https:\/\/www.the-shyguy.com\/en\/wp-json\/wp\/v2\/media?parent=6926"}],"wp:term":[{"taxonomy":"product_brand","embeddable":true,"href":"https:\/\/www.the-shyguy.com\/en\/wp-json\/wp\/v2\/product_brand?post=6926"},{"taxonomy":"product_cat","embeddable":true,"href":"https:\/\/www.the-shyguy.com\/en\/wp-json\/wp\/v2\/product_cat?post=6926"},{"taxonomy":"product_tag","embeddable":true,"href":"https:\/\/www.the-shyguy.com\/en\/wp-json\/wp\/v2\/product_tag?post=6926"}],"curies":[{"name":"wp","href":"https:\/\/api.w.org\/{rel}","templated":true}]}}