{"id":6715,"date":"2026-03-11T17:33:07","date_gmt":"2026-03-11T16:33:07","guid":{"rendered":"https:\/\/www.the-shyguy.com\/?post_type=product&#038;p=6715"},"modified":"2026-03-12T16:55:16","modified_gmt":"2026-03-12T15:55:16","slug":"dream-girl-suit","status":"publish","type":"product","link":"https:\/\/www.the-shyguy.com\/en\/prodavnica\/zene\/dream-girl-suit\/","title":{"rendered":"DREAM GIRL SUIT"},"content":{"rendered":"","protected":false},"excerpt":{"rendered":"<p>Ne\u017eno padaju\u0107i oko tela, sako se preklapa tako da jedna strana prelazi preko druge i vezuje se u struku, stvaraju\u0107i duboki V-izrez i opu\u0161ten rever koji prati liniju tela. Pantalone \u0161irokih nogavica sa skrivenim bo\u010dnim rajsfer\u0161lusom koji \u010duva \u010distu liniju siluete. Zajedno, u svojoj jednostavnost, ovo je komad koji se nosi bez napora, ali ostavlja sna\u017ean utisak.<\/p>\n<p>Sastav: 100% cupro<\/p>\n<p>We recommend dry cleaning.<\/p>\n<p>Be kind, donate when you no longer need it and take care of our planet.<\/p>\n<p><strong>PRE ORDER FOR SIZES XS AND L<\/strong> \/\/ Will be shipped within 5 working days.<br \/>\nAs this piece in sizes XS and L are crafted per order, we can only offer \nexchanges, refunds will not be accepted.<\/p>","protected":false},"featured_media":6760,"template":"","meta":[],"product_brand":[],"product_cat":[15],"product_tag":[],"class_list":{"0":"post-6715","1":"product","2":"type-product","3":"status-publish","4":"has-post-thumbnail","6":"product_cat-zene","8":"first","9":"instock","10":"taxable","11":"shipping-taxable","12":"purchasable","13":"product-type-variable"},"etheme_brands":{"errors":{"invalid_taxonomy":["Invalid taxonomy."]},"error_data":[]},"_links":{"self":[{"href":"https:\/\/www.the-shyguy.com\/en\/wp-json\/wp\/v2\/product\/6715","targetHints":{"allow":["GET"]}}],"collection":[{"href":"https:\/\/www.the-shyguy.com\/en\/wp-json\/wp\/v2\/product"}],"about":[{"href":"https:\/\/www.the-shyguy.com\/en\/wp-json\/wp\/v2\/types\/product"}],"version-history":[{"count":1,"href":"https:\/\/www.the-shyguy.com\/en\/wp-json\/wp\/v2\/product\/6715\/revisions"}],"predecessor-version":[{"id":6721,"href":"https:\/\/www.the-shyguy.com\/en\/wp-json\/wp\/v2\/product\/6715\/revisions\/6721"}],"wp:featuredmedia":[{"embeddable":true,"href":"https:\/\/www.the-shyguy.com\/en\/wp-json\/wp\/v2\/media\/6760"}],"wp:attachment":[{"href":"https:\/\/www.the-shyguy.com\/en\/wp-json\/wp\/v2\/media?parent=6715"}],"wp:term":[{"taxonomy":"product_brand","embeddable":true,"href":"https:\/\/www.the-shyguy.com\/en\/wp-json\/wp\/v2\/product_brand?post=6715"},{"taxonomy":"product_cat","embeddable":true,"href":"https:\/\/www.the-shyguy.com\/en\/wp-json\/wp\/v2\/product_cat?post=6715"},{"taxonomy":"product_tag","embeddable":true,"href":"https:\/\/www.the-shyguy.com\/en\/wp-json\/wp\/v2\/product_tag?post=6715"}],"curies":[{"name":"wp","href":"https:\/\/api.w.org\/{rel}","templated":true}]}}