{"id":6673,"date":"2026-03-11T16:38:27","date_gmt":"2026-03-11T15:38:27","guid":{"rendered":"https:\/\/www.the-shyguy.com\/?post_type=product&#038;p=6673"},"modified":"2026-03-12T16:25:18","modified_gmt":"2026-03-12T15:25:18","slug":"eclipse-white","status":"publish","type":"product","link":"https:\/\/www.the-shyguy.com\/en\/prodavnica\/zene\/eclipse-white\/","title":{"rendered":"ECLIPSE WHITE"},"content":{"rendered":"","protected":false},"excerpt":{"rendered":"<div class=\"woocommerce-product-details__short-description\">\n<p>Italian lace in a mermaid cut, with rounded edges that kiss the floor and an invisible back zipper for pure elegance. A turtleneck collar adds a sculptural touch, making this piece both ethereal and unapologetically powerful.<\/p>\n<p>Composition: 100% lace<\/p>\n<p>Hemijsko \u010di\u0161\u0107enje ili ru\u010dno pranje hladnom vodom i sli\u010dnim bojama..<\/p>\n<p>Be kind, donate when you no longer need it and take care of our planet.<\/p>\n<p class=\"translation-block\"><strong>*PRE ORDER FOR SIZES XS AND L<\/strong> \/\/ Will be shipped within 5 working days.\nAs this piece in sizes XS and L are crafted per order, we can only offer exchanges, refunds will not be accepted.<\/p>\n<\/div>\n<div class=\"et_element single-product-size-guide align-items-center flex justify-content-inherit\"><\/div>","protected":false},"featured_media":6712,"template":"","meta":[],"product_brand":[],"product_cat":[15],"product_tag":[],"class_list":{"0":"post-6673","1":"product","2":"type-product","3":"status-publish","4":"has-post-thumbnail","6":"product_cat-zene","8":"first","9":"instock","10":"taxable","11":"shipping-taxable","12":"purchasable","13":"product-type-variable"},"etheme_brands":{"errors":{"invalid_taxonomy":["Invalid taxonomy."]},"error_data":[]},"_links":{"self":[{"href":"https:\/\/www.the-shyguy.com\/en\/wp-json\/wp\/v2\/product\/6673","targetHints":{"allow":["GET"]}}],"collection":[{"href":"https:\/\/www.the-shyguy.com\/en\/wp-json\/wp\/v2\/product"}],"about":[{"href":"https:\/\/www.the-shyguy.com\/en\/wp-json\/wp\/v2\/types\/product"}],"version-history":[{"count":2,"href":"https:\/\/www.the-shyguy.com\/en\/wp-json\/wp\/v2\/product\/6673\/revisions"}],"predecessor-version":[{"id":6711,"href":"https:\/\/www.the-shyguy.com\/en\/wp-json\/wp\/v2\/product\/6673\/revisions\/6711"}],"wp:featuredmedia":[{"embeddable":true,"href":"https:\/\/www.the-shyguy.com\/en\/wp-json\/wp\/v2\/media\/6712"}],"wp:attachment":[{"href":"https:\/\/www.the-shyguy.com\/en\/wp-json\/wp\/v2\/media?parent=6673"}],"wp:term":[{"taxonomy":"product_brand","embeddable":true,"href":"https:\/\/www.the-shyguy.com\/en\/wp-json\/wp\/v2\/product_brand?post=6673"},{"taxonomy":"product_cat","embeddable":true,"href":"https:\/\/www.the-shyguy.com\/en\/wp-json\/wp\/v2\/product_cat?post=6673"},{"taxonomy":"product_tag","embeddable":true,"href":"https:\/\/www.the-shyguy.com\/en\/wp-json\/wp\/v2\/product_tag?post=6673"}],"curies":[{"name":"wp","href":"https:\/\/api.w.org\/{rel}","templated":true}]}}