{"id":6665,"date":"2026-03-11T16:29:23","date_gmt":"2026-03-11T15:29:23","guid":{"rendered":"https:\/\/www.the-shyguy.com\/?post_type=product&#038;p=6665"},"modified":"2026-03-12T16:30:12","modified_gmt":"2026-03-12T15:30:12","slug":"mermaid-dress","status":"publish","type":"product","link":"https:\/\/www.the-shyguy.com\/en\/prodavnica\/zene\/mermaid-dress\/","title":{"rendered":"MERMAID DRESS"},"content":{"rendered":"","protected":false},"excerpt":{"rendered":"<p>Italijanska \u010dipka oblikovana u ne\u017ean sirena kroj prati telo i nagla\u0161ava \u017eenstvenu liniju pri svakom pokretu. Dugi rukavi i blaga polurolka uokviruju gornji deo tela, dok se haljina spu\u0161ta sve do poda, prate\u0107i korak na lagan i elegantan na\u010din. Skriveni rajsfer\u0161lus na le\u0111ima \u010duva \u010distu liniju kroja.<\/p>\n<p>Sastav: \u00a0100% \u010dipka, postava: 100% svila<\/p>\n<p>Dry clean or hand wash with cold water and similar colors.<\/p>\n<p>Be kind, donate when you no longer need it and take care of our planet.<\/p>\n<div class=\"woocommerce-product-details__short-description\">\n<p class=\"translation-block\"><strong>*PRE ORDER FOR SIZES XS AND L<\/strong> \/\/ Will be shipped within 5 working days.\nAs this piece in sizes XS and L are crafted per order, we can only offer exchanges, refunds will not be accepted.<\/p>\n<\/div>\n<div class=\"et_element single-product-size-guide align-items-center flex  justify-content-inherit\"><\/div>","protected":false},"featured_media":6671,"template":"","meta":[],"product_brand":[],"product_cat":[15],"product_tag":[],"class_list":{"0":"post-6665","1":"product","2":"type-product","3":"status-publish","4":"has-post-thumbnail","6":"product_cat-zene","8":"first","9":"instock","10":"taxable","11":"shipping-taxable","12":"purchasable","13":"product-type-variable"},"etheme_brands":{"errors":{"invalid_taxonomy":["Invalid taxonomy."]},"error_data":[]},"_links":{"self":[{"href":"https:\/\/www.the-shyguy.com\/en\/wp-json\/wp\/v2\/product\/6665","targetHints":{"allow":["GET"]}}],"collection":[{"href":"https:\/\/www.the-shyguy.com\/en\/wp-json\/wp\/v2\/product"}],"about":[{"href":"https:\/\/www.the-shyguy.com\/en\/wp-json\/wp\/v2\/types\/product"}],"version-history":[{"count":2,"href":"https:\/\/www.the-shyguy.com\/en\/wp-json\/wp\/v2\/product\/6665\/revisions"}],"predecessor-version":[{"id":6672,"href":"https:\/\/www.the-shyguy.com\/en\/wp-json\/wp\/v2\/product\/6665\/revisions\/6672"}],"wp:featuredmedia":[{"embeddable":true,"href":"https:\/\/www.the-shyguy.com\/en\/wp-json\/wp\/v2\/media\/6671"}],"wp:attachment":[{"href":"https:\/\/www.the-shyguy.com\/en\/wp-json\/wp\/v2\/media?parent=6665"}],"wp:term":[{"taxonomy":"product_brand","embeddable":true,"href":"https:\/\/www.the-shyguy.com\/en\/wp-json\/wp\/v2\/product_brand?post=6665"},{"taxonomy":"product_cat","embeddable":true,"href":"https:\/\/www.the-shyguy.com\/en\/wp-json\/wp\/v2\/product_cat?post=6665"},{"taxonomy":"product_tag","embeddable":true,"href":"https:\/\/www.the-shyguy.com\/en\/wp-json\/wp\/v2\/product_tag?post=6665"}],"curies":[{"name":"wp","href":"https:\/\/api.w.org\/{rel}","templated":true}]}}