{"id":6651,"date":"2026-03-11T16:16:40","date_gmt":"2026-03-11T15:16:40","guid":{"rendered":"https:\/\/www.the-shyguy.com\/?post_type=product&#038;p=6651"},"modified":"2026-03-12T13:16:32","modified_gmt":"2026-03-12T12:16:32","slug":"darling-dress","status":"publish","type":"product","link":"https:\/\/www.the-shyguy.com\/en\/prodavnica\/zene\/darling-dress\/","title":{"rendered":"DARLING DRESS"},"content":{"rendered":"","protected":false},"excerpt":{"rendered":"<p>Svila koja se lepr\u0161a pri svakom koraku, stvaraju\u0107i ose\u0107aj slobode. Lasti\u0161 u struku prati liniju tela, dok otvor napred i na le\u0111ima, uz tanke trake koje se vezuju na le\u0111ima, donosi dozu romantike. Haljina je osmi\u0161ljena da se nosi bez napora, da prati svaki pokret i da u njoj svaki korak deluje lak\u0161i. Dolazi uz svilene boxer \u0161orceve za dodatnu udobnost.<\/p>\n<p>Composition: 100% silk<\/p>\n<p>Dry clean or hand wash with cold water and similar colors.<\/p>\n<p>Be kind, donate when you no longer need it and take care of our planet.<\/p>\n<p class=\"translation-block\"><strong>*PRE ORDER FOR SIZES XS AND L<\/strong> \/\/ Will be shipped within 5 working days.\nAs this piece in sizes XS and L are crafted per order, we can only offer exchanges, refunds will not be accepted.<\/p>","protected":false},"featured_media":6656,"template":"","meta":[],"product_brand":[],"product_cat":[15],"product_tag":[],"class_list":{"0":"post-6651","1":"product","2":"type-product","3":"status-publish","4":"has-post-thumbnail","6":"product_cat-zene","8":"first","9":"instock","10":"taxable","11":"shipping-taxable","12":"purchasable","13":"product-type-variable"},"etheme_brands":{"errors":{"invalid_taxonomy":["Invalid taxonomy."]},"error_data":[]},"_links":{"self":[{"href":"https:\/\/www.the-shyguy.com\/en\/wp-json\/wp\/v2\/product\/6651","targetHints":{"allow":["GET"]}}],"collection":[{"href":"https:\/\/www.the-shyguy.com\/en\/wp-json\/wp\/v2\/product"}],"about":[{"href":"https:\/\/www.the-shyguy.com\/en\/wp-json\/wp\/v2\/types\/product"}],"version-history":[{"count":1,"href":"https:\/\/www.the-shyguy.com\/en\/wp-json\/wp\/v2\/product\/6651\/revisions"}],"predecessor-version":[{"id":6657,"href":"https:\/\/www.the-shyguy.com\/en\/wp-json\/wp\/v2\/product\/6651\/revisions\/6657"}],"wp:featuredmedia":[{"embeddable":true,"href":"https:\/\/www.the-shyguy.com\/en\/wp-json\/wp\/v2\/media\/6656"}],"wp:attachment":[{"href":"https:\/\/www.the-shyguy.com\/en\/wp-json\/wp\/v2\/media?parent=6651"}],"wp:term":[{"taxonomy":"product_brand","embeddable":true,"href":"https:\/\/www.the-shyguy.com\/en\/wp-json\/wp\/v2\/product_brand?post=6651"},{"taxonomy":"product_cat","embeddable":true,"href":"https:\/\/www.the-shyguy.com\/en\/wp-json\/wp\/v2\/product_cat?post=6651"},{"taxonomy":"product_tag","embeddable":true,"href":"https:\/\/www.the-shyguy.com\/en\/wp-json\/wp\/v2\/product_tag?post=6651"}],"curies":[{"name":"wp","href":"https:\/\/api.w.org\/{rel}","templated":true}]}}