{"id":5384,"date":"2025-04-08T11:50:52","date_gmt":"2025-04-08T10:50:52","guid":{"rendered":"https:\/\/www.the-shyguy.com\/?post_type=product&#038;p=5384"},"modified":"2026-03-10T11:49:20","modified_gmt":"2026-03-10T10:49:20","slug":"heart-slip-dress-senape","status":"publish","type":"product","link":"https:\/\/www.the-shyguy.com\/en\/prodavnica\/30\/heart-slip-dress-senape\/","title":{"rendered":"HEART SLIP DRESS SENAPE"},"content":{"rendered":"","protected":false},"excerpt":{"rendered":"<p>Dubok V izrez koje ne tra\u017ei pa\u017enju \u2014 \u00a0zahteva je. Fluidna svila, jedva vidljivih bretela i otvorena le\u0111a toliko da se ose\u0107a kao sloboda. Od mraka do sunca, ova haljina komunicira samopouzdanje u pokretu. Detalj u obliku prozirnog srca na le\u0111ima i nevidljivi rajsfe\u0161lus.<\/p>\n<p>Composition: 100% silk<\/p>\n<p>Hand wash with cold water and similar colors.<\/p>\n<p>Be kind, donate when you no longer need it and take care of our planet.<\/p>\n<p>The model is 179 cm tall and wears size S<\/p>\n<p><strong>PRE ORDER FOR SIZES XS AND L<\/strong> \/\/ Will be shipped within 5 working days.<br \/>\nAs this piece in sizes XS and L are crafted per order, we can only offer \nexchanges, refunds will not be accepted.<\/p>\n<p><strong>*Exchanges and refunds will not be possible for items purchased during the 72-hour sale.<\/strong><\/p>\n<p>&nbsp;<\/p>","protected":false},"featured_media":5156,"template":"","meta":[],"product_brand":[],"product_cat":[80],"product_tag":[],"class_list":{"0":"post-5384","1":"product","2":"type-product","3":"status-publish","4":"has-post-thumbnail","6":"product_cat-80","8":"first","9":"instock","10":"taxable","11":"shipping-taxable","12":"purchasable","13":"product-type-variable"},"etheme_brands":{"errors":{"invalid_taxonomy":["Invalid taxonomy."]},"error_data":[]},"_links":{"self":[{"href":"https:\/\/www.the-shyguy.com\/en\/wp-json\/wp\/v2\/product\/5384","targetHints":{"allow":["GET"]}}],"collection":[{"href":"https:\/\/www.the-shyguy.com\/en\/wp-json\/wp\/v2\/product"}],"about":[{"href":"https:\/\/www.the-shyguy.com\/en\/wp-json\/wp\/v2\/types\/product"}],"version-history":[{"count":5,"href":"https:\/\/www.the-shyguy.com\/en\/wp-json\/wp\/v2\/product\/5384\/revisions"}],"predecessor-version":[{"id":6521,"href":"https:\/\/www.the-shyguy.com\/en\/wp-json\/wp\/v2\/product\/5384\/revisions\/6521"}],"wp:featuredmedia":[{"embeddable":true,"href":"https:\/\/www.the-shyguy.com\/en\/wp-json\/wp\/v2\/media\/5156"}],"wp:attachment":[{"href":"https:\/\/www.the-shyguy.com\/en\/wp-json\/wp\/v2\/media?parent=5384"}],"wp:term":[{"taxonomy":"product_brand","embeddable":true,"href":"https:\/\/www.the-shyguy.com\/en\/wp-json\/wp\/v2\/product_brand?post=5384"},{"taxonomy":"product_cat","embeddable":true,"href":"https:\/\/www.the-shyguy.com\/en\/wp-json\/wp\/v2\/product_cat?post=5384"},{"taxonomy":"product_tag","embeddable":true,"href":"https:\/\/www.the-shyguy.com\/en\/wp-json\/wp\/v2\/product_tag?post=5384"}],"curies":[{"name":"wp","href":"https:\/\/api.w.org\/{rel}","templated":true}]}}