{"id":5317,"date":"2025-04-08T11:00:11","date_gmt":"2025-04-08T09:00:11","guid":{"rendered":"https:\/\/www.the-shyguy.com\/?post_type=product&#038;p=5317"},"modified":"2026-03-05T23:12:55","modified_gmt":"2026-03-05T22:12:55","slug":"roma-skirt-black","status":"publish","type":"product","link":"https:\/\/www.the-shyguy.com\/en\/prodavnica\/70\/roma-skirt-black\/","title":{"rendered":"ROMA SKIRT BLACK"},"content":{"rendered":"","protected":false},"excerpt":{"rendered":"<p>Ova \u010dipkasta \u00a0suknja visokog struka \u00a0je napravljena da laska. Zavr\u0161eno sa ukra\u0161enim ivicama i skrivenim rajsfe\u0161lusom na le\u0111ima za besprekornu siluetu. Romanti\u010dno, ali o\u0161tro \u2014 nosite ga od sastanaka do pono\u0107i.<\/p>\n<p>Composition: 100% lace<\/p>\n<p>Hand wash with cold water and similar colors.<\/p>\n<p>Be kind, donate when you no longer need it and take care of our planet.<\/p>\n<p>The model is 180 cm tall and wears size S.<\/p>\n<p><strong>PRE ORDER FOR SIZES XS AND L<\/strong> \/\/ Will be shipped within 5 working days.<br \/>\nAs this piece in sizes XS and L are crafted per order, we can only offer \nexchanges, refunds will not be accepted.<\/p>\n<p><strong>*Exchanges and refunds will not be possible for items purchased during the 72-hour sale.<\/strong><\/p>","protected":false},"featured_media":0,"template":"","meta":[],"product_brand":[],"product_cat":[79],"product_tag":[],"class_list":{"0":"post-5317","1":"product","2":"type-product","3":"status-publish","5":"product_cat-79","7":"first","8":"outofstock","9":"taxable","10":"shipping-taxable","11":"product-type-variable"},"etheme_brands":{"errors":{"invalid_taxonomy":["Invalid taxonomy."]},"error_data":[]},"_links":{"self":[{"href":"https:\/\/www.the-shyguy.com\/en\/wp-json\/wp\/v2\/product\/5317","targetHints":{"allow":["GET"]}}],"collection":[{"href":"https:\/\/www.the-shyguy.com\/en\/wp-json\/wp\/v2\/product"}],"about":[{"href":"https:\/\/www.the-shyguy.com\/en\/wp-json\/wp\/v2\/types\/product"}],"version-history":[{"count":5,"href":"https:\/\/www.the-shyguy.com\/en\/wp-json\/wp\/v2\/product\/5317\/revisions"}],"predecessor-version":[{"id":6520,"href":"https:\/\/www.the-shyguy.com\/en\/wp-json\/wp\/v2\/product\/5317\/revisions\/6520"}],"wp:attachment":[{"href":"https:\/\/www.the-shyguy.com\/en\/wp-json\/wp\/v2\/media?parent=5317"}],"wp:term":[{"taxonomy":"product_brand","embeddable":true,"href":"https:\/\/www.the-shyguy.com\/en\/wp-json\/wp\/v2\/product_brand?post=5317"},{"taxonomy":"product_cat","embeddable":true,"href":"https:\/\/www.the-shyguy.com\/en\/wp-json\/wp\/v2\/product_cat?post=5317"},{"taxonomy":"product_tag","embeddable":true,"href":"https:\/\/www.the-shyguy.com\/en\/wp-json\/wp\/v2\/product_tag?post=5317"}],"curies":[{"name":"wp","href":"https:\/\/api.w.org\/{rel}","templated":true}]}}