{"id":4268,"date":"2023-11-27T22:10:45","date_gmt":"2023-11-27T21:10:45","guid":{"rendered":"https:\/\/www.the-shyguy.com\/?post_type=product&#038;p=4268"},"modified":"2026-03-05T19:11:13","modified_gmt":"2026-03-05T18:11:13","slug":"spotlight-dress","status":"publish","type":"product","link":"https:\/\/www.the-shyguy.com\/en\/prodavnica\/50\/spotlight-dress\/","title":{"rendered":"SPOTLIGHT  DRESS"},"content":{"rendered":"","protected":false},"excerpt":{"rendered":"<p>Haljina koja \u010dini zebru ljubomornom. Na\u0161a smela zebrasta mini haljina, sa V izrezom, dekolteom sa uvrnutim \u010dvorom i kratkim puf rukavima je spektakularna, \u010dini da sve o\u010di budu uperene u vas.<\/p>\n<p>Otvarena sa prednje strane i sa metalni rajsfer\u0161lusom pozadi.<br \/>\nComposition: 100% polyester<\/p>\n<p>We recommend dry cleaning.<\/p>\n<p>Be kind, donate when you no longer need it and take care of our planet.<\/p>\n<p><strong>*Exchanges and refunds will not be possible for items purchased during the 72-hour sale.<\/strong><\/p>","protected":false},"featured_media":4272,"template":"","meta":[],"product_brand":[],"product_cat":[78],"product_tag":[],"class_list":{"0":"post-4268","1":"product","2":"type-product","3":"status-publish","4":"has-post-thumbnail","6":"product_cat-78","8":"first","9":"instock","10":"taxable","11":"shipping-taxable","12":"purchasable","13":"product-type-variable"},"etheme_brands":{"errors":{"invalid_taxonomy":["Invalid taxonomy."]},"error_data":[]},"_links":{"self":[{"href":"https:\/\/www.the-shyguy.com\/en\/wp-json\/wp\/v2\/product\/4268","targetHints":{"allow":["GET"]}}],"collection":[{"href":"https:\/\/www.the-shyguy.com\/en\/wp-json\/wp\/v2\/product"}],"about":[{"href":"https:\/\/www.the-shyguy.com\/en\/wp-json\/wp\/v2\/types\/product"}],"version-history":[{"count":2,"href":"https:\/\/www.the-shyguy.com\/en\/wp-json\/wp\/v2\/product\/4268\/revisions"}],"predecessor-version":[{"id":6495,"href":"https:\/\/www.the-shyguy.com\/en\/wp-json\/wp\/v2\/product\/4268\/revisions\/6495"}],"wp:featuredmedia":[{"embeddable":true,"href":"https:\/\/www.the-shyguy.com\/en\/wp-json\/wp\/v2\/media\/4272"}],"wp:attachment":[{"href":"https:\/\/www.the-shyguy.com\/en\/wp-json\/wp\/v2\/media?parent=4268"}],"wp:term":[{"taxonomy":"product_brand","embeddable":true,"href":"https:\/\/www.the-shyguy.com\/en\/wp-json\/wp\/v2\/product_brand?post=4268"},{"taxonomy":"product_cat","embeddable":true,"href":"https:\/\/www.the-shyguy.com\/en\/wp-json\/wp\/v2\/product_cat?post=4268"},{"taxonomy":"product_tag","embeddable":true,"href":"https:\/\/www.the-shyguy.com\/en\/wp-json\/wp\/v2\/product_tag?post=4268"}],"curies":[{"name":"wp","href":"https:\/\/api.w.org\/{rel}","templated":true}]}}