{"id":4040,"date":"2023-09-16T10:10:12","date_gmt":"2023-09-16T09:10:12","guid":{"rendered":"https:\/\/www.the-shyguy.com\/?post_type=product&#038;p=4040"},"modified":"2026-04-15T14:43:02","modified_gmt":"2026-04-15T12:43:02","slug":"petticoat-skirt","status":"publish","type":"product","link":"https:\/\/www.the-shyguy.com\/en\/prodavnica\/zene\/petticoat-skirt\/","title":{"rendered":"PETTICOAT SKIRT"},"content":{"rendered":"","protected":false},"excerpt":{"rendered":"<p>Ovu laganu super pufnastu suknju karakteri\u0161e bezbroj karnera. Sa lasti\u0161om u pojasu za lak\u0161e prilago\u0111avanje.<\/p>\n<p>Composition: 100% cotton<\/p>\n<p>Machine wash at 40\u2032 with similar colors.<\/p>\n<p>Be kind, donate when you no longer need it and take care of our planet.<\/p>","protected":false},"featured_media":4126,"template":"","meta":[],"product_brand":[],"product_cat":[15],"product_tag":[],"class_list":{"0":"post-4040","1":"product","2":"type-product","3":"status-publish","4":"has-post-thumbnail","6":"product_cat-zene","8":"first","9":"instock","10":"taxable","11":"shipping-taxable","12":"purchasable","13":"product-type-variable"},"etheme_brands":{"errors":{"invalid_taxonomy":["Invalid taxonomy."]},"error_data":[]},"_links":{"self":[{"href":"https:\/\/www.the-shyguy.com\/en\/wp-json\/wp\/v2\/product\/4040","targetHints":{"allow":["GET"]}}],"collection":[{"href":"https:\/\/www.the-shyguy.com\/en\/wp-json\/wp\/v2\/product"}],"about":[{"href":"https:\/\/www.the-shyguy.com\/en\/wp-json\/wp\/v2\/types\/product"}],"version-history":[{"count":3,"href":"https:\/\/www.the-shyguy.com\/en\/wp-json\/wp\/v2\/product\/4040\/revisions"}],"predecessor-version":[{"id":5903,"href":"https:\/\/www.the-shyguy.com\/en\/wp-json\/wp\/v2\/product\/4040\/revisions\/5903"}],"wp:featuredmedia":[{"embeddable":true,"href":"https:\/\/www.the-shyguy.com\/en\/wp-json\/wp\/v2\/media\/4126"}],"wp:attachment":[{"href":"https:\/\/www.the-shyguy.com\/en\/wp-json\/wp\/v2\/media?parent=4040"}],"wp:term":[{"taxonomy":"product_brand","embeddable":true,"href":"https:\/\/www.the-shyguy.com\/en\/wp-json\/wp\/v2\/product_brand?post=4040"},{"taxonomy":"product_cat","embeddable":true,"href":"https:\/\/www.the-shyguy.com\/en\/wp-json\/wp\/v2\/product_cat?post=4040"},{"taxonomy":"product_tag","embeddable":true,"href":"https:\/\/www.the-shyguy.com\/en\/wp-json\/wp\/v2\/product_tag?post=4040"}],"curies":[{"name":"wp","href":"https:\/\/api.w.org\/{rel}","templated":true}]}}