{"id":3033,"date":"2022-04-26T12:18:23","date_gmt":"2022-04-26T12:18:23","guid":{"rendered":"https:\/\/www.the-shyguy.com\/?page_id=3033"},"modified":"2026-04-17T23:01:15","modified_gmt":"2026-04-17T21:01:15","slug":"placanje","status":"publish","type":"page","link":"https:\/\/www.the-shyguy.com\/en\/placanje\/","title":{"rendered":"PLA\u0106ANJE"},"content":{"rendered":"<div data-elementor-type=\"wp-page\" data-elementor-id=\"3033\" class=\"elementor elementor-3033\">\n\t\t\t\t\t\t<section class=\"elementor-section elementor-top-section elementor-element elementor-element-b5a7cb1 elementor-section-boxed elementor-section-height-default elementor-section-height-default\" data-id=\"b5a7cb1\" data-element_type=\"section\" data-e-type=\"section\">\n\t\t\t\t\t\t<div class=\"elementor-container elementor-column-gap-default\">\n\t\t\t\t\t<div class=\"elementor-column elementor-col-100 elementor-top-column elementor-element elementor-element-7345d14d\" data-id=\"7345d14d\" data-element_type=\"column\" data-e-type=\"column\">\n\t\t\t<div class=\"elementor-widget-wrap elementor-element-populated\">\n\t\t\t\t\t\t<div class=\"elementor-element elementor-element-71a01165 elementor-widget elementor-widget-text-editor\" data-id=\"71a01165\" data-element_type=\"widget\" data-e-type=\"widget\" data-widget_type=\"text-editor.default\">\n\t\t\t\t<div class=\"elementor-widget-container\">\n\t\t\t\t\t\t\t\t\t<p><\/p>\n<p><strong>PAYMENT METHODS - We accept the following payment methods:<\/strong><\/p>\n<p><\/p>\n<p><\/p>\n<p>1. Credit and debit cards: Visa, MasterCard, DinaCard, Maestro, American Express<\/p>\n<p><\/p>\n<p><\/p>\n<p>3. Cash on delivery (some cases)<\/p>\n<p><\/p>\n<p><\/p>\n<p>The bank\u2019s security system guarantees the confidentiality and authenticity of the cardholder, preventing any unauthorized third parties from accessing your data.<\/p>\n<p><\/p>\n<p><\/p>\n<p><strong>PRICING &amp; SHIPPING POLICY<\/strong><\/p>\n<p><\/p>\n<p><\/p>\n<p>All prices are listed in Serbian dinars (RSD).<\/p>\n<p><\/p>\n<p><\/p>\n<p>Product prices displayed on our website may be changed at any time at the discretion of THE SHYGUY, without affecting your statutory rights.<\/p>\n<p><\/p>\n<p><\/p>\n<p>Shipping costs are not included in the product price.<\/p>\n<p><\/p>\n<p><\/p>\n<p>Shipping fees are calculated at checkout and depend on the destination country.<\/p>\n<p><\/p>\n<p><\/p>\n<p>Va\u017eno za klijente izvan teritorije Srbije: uzmite u obzir da bi me\u0111unarodne po\u0161iljke mogle imati neke dodatne da\u017ebine i takse nakon \u0161to po\u0161iljka stigne u Va\u0161u zemlju. THE SHYGUY&nbsp; ne mo\u017ee da zna i predvidi ovakve tro\u0161kove, klijent je du\u017ean da plati dodatne tro\u0161kove carinjenja.&nbsp; Cene vidljive na sajtu su prikazane bez poreza jer THE SHYGUY&nbsp; nije u sistemu PDV-a. Molimo uzmite u obzir da \u0107e se porez primenjivati u obliku da\u017ebina nakon \u0161to po\u0161iljka stigne na carinu u Va\u0161oj dr\u017eavi. Pored poreza, mo\u017eda \u0107e Vam biti napla\u0107eni i carinski postupci. Imajte u vidu da je klijent odgovoran za dodatne naknade poput poreza, carina i carinskih naknada. Preporu\u010dujemo da zatra\u017eite informacije u Va\u0161oj lokalnoj carinarnici kako bi izra\u010dunali dodatne naknade. U slu\u010daju da odbijete primanje narud\u017ebine zbog neo\u010dekivanih dodatnih naknada, THE SHYGUY&nbsp; zadr\u017eava pravo da naplati i tro\u0161kove za povrat po\u0161iljke, kao i dodatne tro\u0161kove koje generi\u0161e carina<\/p>\n<p><\/p>\t\t\t\t\t\t\t\t<\/div>\n\t\t\t\t<\/div>\n\t\t\t\t\t<\/div>\n\t\t<\/div>\n\t\t\t\t\t<\/div>\n\t\t<\/section>\n\t\t\t\t<\/div>","protected":false},"excerpt":{"rendered":"<p>Na\u010dini pla\u0107anja koje prihvatamo su : 1.Bankovnim karticama: Visa, MasterCard, DinaCard, Maestro, American Express. 2&#8230;.<\/p>","protected":false},"author":1,"featured_media":0,"parent":0,"menu_order":0,"comment_status":"closed","ping_status":"closed","template":"","meta":{"footnotes":""},"class_list":["post-3033","page","type-page","status-publish","hentry"],"_links":{"self":[{"href":"https:\/\/www.the-shyguy.com\/en\/wp-json\/wp\/v2\/pages\/3033","targetHints":{"allow":["GET"]}}],"collection":[{"href":"https:\/\/www.the-shyguy.com\/en\/wp-json\/wp\/v2\/pages"}],"about":[{"href":"https:\/\/www.the-shyguy.com\/en\/wp-json\/wp\/v2\/types\/page"}],"author":[{"embeddable":true,"href":"https:\/\/www.the-shyguy.com\/en\/wp-json\/wp\/v2\/users\/1"}],"replies":[{"embeddable":true,"href":"https:\/\/www.the-shyguy.com\/en\/wp-json\/wp\/v2\/comments?post=3033"}],"version-history":[{"count":6,"href":"https:\/\/www.the-shyguy.com\/en\/wp-json\/wp\/v2\/pages\/3033\/revisions"}],"predecessor-version":[{"id":7060,"href":"https:\/\/www.the-shyguy.com\/en\/wp-json\/wp\/v2\/pages\/3033\/revisions\/7060"}],"wp:attachment":[{"href":"https:\/\/www.the-shyguy.com\/en\/wp-json\/wp\/v2\/media?parent=3033"}],"curies":[{"name":"wp","href":"https:\/\/api.w.org\/{rel}","templated":true}]}}